{"id":3196,"date":"2025-05-23T15:37:03","date_gmt":"2025-05-23T13:37:03","guid":{"rendered":"https:\/\/promo.rivadelsolbeachresort.com\/cookie-policy\/"},"modified":"2025-05-30T09:01:45","modified_gmt":"2025-05-30T07:01:45","slug":"cookie-policy","status":"publish","type":"page","link":"https:\/\/promo.rivadelsolbeachresort.com\/de\/cookie-policy\/","title":{"rendered":"Cookie Policy"},"content":{"rendered":"\t\t<div data-elementor-type=\"wp-page\" data-elementor-id=\"3196\" class=\"elementor elementor-3196 elementor-3156\" data-elementor-post-type=\"page\">\n\t\t\t\t<div class=\"elementor-element elementor-element-58578767 e-flex e-con-boxed e-con e-parent\" data-id=\"58578767\" data-element_type=\"container\">\n\t\t\t\t\t<div class=\"e-con-inner\">\n\t\t\t\t<div class=\"elementor-element elementor-element-8f3dd66 elementor-widget elementor-widget-heading\" data-id=\"8f3dd66\" data-element_type=\"widget\" data-widget_type=\"heading.default\">\n\t\t\t\t<div class=\"elementor-widget-container\">\n\t\t\t\t\t<h1 class=\"elementor-heading-title elementor-size-default\">Cookie policy<\/h1>\t\t\t\t<\/div>\n\t\t\t\t<\/div>\n\t\t\t\t<div class=\"elementor-element elementor-element-621e22ff elementor-widget elementor-widget-text-editor\" data-id=\"621e22ff\" data-element_type=\"widget\" data-widget_type=\"text-editor.default\">\n\t\t\t\t<div class=\"elementor-widget-container\">\n\t\t\t\t\t\t\t\t\t<p class=\"font_8 wixui-rich-text__text\">Diese Cookie-Richtlinie ist ein wesentlicher Bestandteil der<span class=\"wixui-rich-text__text\"><a class=\"wixui-rich-text__text\" href=\"https:\/\/promo.rivadelsolbeachresort.com\/de\/privacy-policy\/\" rel=\"noreferrer noopener\">Datenschutzrichtlinie<\/a><\/span>.<\/p><br><p class=\"font_8 wixui-rich-text__text\">Diese Website verwendet Cookies, Textdateien, die auf dem Endger\u00e4t des Nutzers gespeichert werden oder die den Zugriff auf Informationen auf dem Endger\u00e4t des Nutzers erm\u00f6glichen.<\/p><br><p class=\"font_8 wixui-rich-text__text\">Cookies erm\u00f6glichen die Speicherung von Informationen \u00fcber die Pr\u00e4ferenzen der Besucher, werden verwendet, um das ordnungsgem\u00e4\u00dfe Funktionieren der Website zu \u00fcberpr\u00fcfen und ihre Funktionalit\u00e4t zu verbessern, indem der Inhalt der Seiten an den Typ des verwendeten Browsers angepasst wird, oder um die Navigation durch die Automatisierung von Vorg\u00e4ngen zu vereinfachen (z. B. Anmeldung, Sprache der Website), und schlie\u00dflich um die Nutzung der Website durch die Besucher zu analysieren.<\/p><br><p class=\"font_8 wixui-rich-text__text\">\u00a0Diese Website verwendet die folgenden Kategorien von Cookies<\/p><br><p class=\"font_8 wixui-rich-text__text\">&#8211; technische Cookies, die ausschlie\u00dflich zum Zweck der \u00dcbermittlung einer elektronischen Nachricht verwendet werden, um die korrekte Anzeige der Website und die Navigation auf ihr zu gew\u00e4hrleisten. Dar\u00fcber hinaus erm\u00f6glichen sie die Unterscheidung zwischen verschiedenen angemeldeten Nutzern, um einen angeforderten Dienst dem richtigen Nutzer zur Verf\u00fcgung zu stellen (Login), sowie aus Gr\u00fcnden der Sicherheit der Website. Einige dieser Cookies werden beim Schlie\u00dfen des Browsers gel\u00f6scht (Session-Cookies), andere haben eine l\u00e4ngere Lebensdauer (z. B. das Cookie, das f\u00fcr die Speicherung der Zustimmung des Nutzers zur Verwendung von Cookies erforderlich ist und 1 Jahr lang g\u00fcltig ist). F\u00fcr diese Cookies ist keine Zustimmung erforderlich;<\/p><br><p class=\"font_8 wixui-rich-text__text\">&#8211; Analyse-Cookies, die direkt vom Betreiber der Website verwendet werden, um in zusammengefasster Form Informationen \u00fcber die Anzahl der Nutzer und deren Besuch der Website zu sammeln. Sie werden den technischen Cookies gleichgestellt, wenn der Dienst anonymisiert wird.<\/p><br><p class=\"font_8 wixui-rich-text__text\">&#8211; Profilierungs- und Marketing-Cookies, die ausschlie\u00dflich von Dritten, die nicht der Eigent\u00fcmer dieser Website sind, verwendet werden, um Informationen \u00fcber das Surfverhalten, die Interessen und die Konsumgewohnheiten der Nutzer zu sammeln, auch zum Zwecke der Bereitstellung personalisierter Werbung.<\/p><br><p class=\"font_8 wixui-rich-text__text\"><\/p><br><p class=\"font_8 wixui-rich-text__text\">Cookies von Drittanbietern<\/p><br><p class=\"font_8 wixui-rich-text__text\">Diese Website fungiert auch als Vermittler f\u00fcr Cookies von Drittanbietern (z. B. Schaltfl\u00e4chen sozialer Netzwerke), die verwendet werden, um den Besuchern zus\u00e4tzliche Dienste und Funktionen zu bieten und die Nutzung der Website zu vereinfachen oder um personalisierte Werbung anzubieten. Diese Website hat keine Kontrolle \u00fcber diese Drittanbieter-Cookies und hat keinen Zugriff auf die von diesen Cookies gesammelten Informationen.<\/p><br><p class=\"font_8 wixui-rich-text__text\">Informationen \u00fcber die Verwendung dieser Cookies und ihre Zwecke sowie dar\u00fcber, wie sie deaktiviert werden k\u00f6nnen, werden direkt von den Drittanbietern auf den unten angegebenen Seiten bereitgestellt.<\/p><br><p class=\"font_8 wixui-rich-text__text\">Bitte beachten Sie, dass die Nachverfolgung des Nutzers im Allgemeinen keine Identifizierung des Nutzers beinhaltet, es sei denn, der Nutzer hat den Dienst bereits abonniert und ist auch bereits eingeloggt. In diesem Fall wird davon ausgegangen, dass der Nutzer seine Zustimmung bereits direkt an den Dritten gegeben hat, als er den entsprechenden Dienst abonniert hat (z.B. Facebook, Instagram, Tik Tok, etc.).<\/p><br><p class=\"font_8 wixui-rich-text__text\">Diese Website verwendet Cookies von folgenden Drittanbietern.<\/p><br><p class=\"font_8 wixui-rich-text__text\"><\/p><br><p class=\"font_8 wixui-rich-text__text\">&#8211; Google Analytics: wird verwendet, um die Nutzung der Website durch die Nutzer zu analysieren, Berichte \u00fcber die Aktivit\u00e4t der Website und das Nutzerverhalten zu erstellen, zu \u00fcberpr\u00fcfen, wie oft die Nutzer die Website besuchen, wie die Website verfolgt wird und welche Seiten am h\u00e4ufigsten besucht werden. Die Informationen werden mit den von anderen Websites gesammelten Informationen kombiniert, um ein vergleichendes Bild der Nutzung der Website im Verh\u00e4ltnis zu anderen Websites der gleichen Kategorie zu erstellen.<\/p><br><p class=\"font_8 wixui-rich-text__text\">Erfasste Daten: Browser-ID, Datum und Uhrzeit der Interaktion mit der Website, Herkunftsseite, IP-Adresse.<\/p><br><p class=\"font_8 wixui-rich-text__text\">Ort der Datenverarbeitung: Europ\u00e4ische Union bei aktiver Anonymisierung des Dienstes.<\/p><br><p class=\"font_8 wixui-rich-text__text\">Die gesammelten Daten lassen keine pers\u00f6nliche Identifizierung der Nutzer zu und werden nicht mit anderen Informationen \u00fcber dieselbe Person abgeglichen.<\/p><br><p class=\"font_8 wixui-rich-text__text\">Weitere Informationen zu Google Analytics-Cookies finden Sie auf der Seite <span class=\"wixui-rich-text__text\"><a class=\"wixui-rich-text__text\" href=\"https:\/\/developers.google.com\/analytics\/devguides\/collection\/analyticsjs\/cookie-usage\" rel=\"noreferrer noopener\" target=\"_blank\">Google Analytics Cookie-Nutzung auf Websites<\/a><\/span>.<\/p><br><p class=\"font_8 wixui-rich-text__text\"><\/p><br><p class=\"font_8 wixui-rich-text__text\">Der Nutzer kann die Erfassung von Daten durch Google Analytics wahlweise deaktivieren (Opt-Out), indem er die<span class=\"wixui-rich-text__text\"><a class=\"wixui-rich-text__text\" href=\"https:\/\/tools.google.com\/dlpage\/gaoptout\" rel=\"noreferrer noopener\" target=\"_blank\">entsprechende Komponente von Google<\/a><\/span> in seinem Browser installiert.<\/p><br><p class=\"font_8 wixui-rich-text__text\">Durch Anklicken des Banners beim ersten Zugriff auf die Website oder durch Navigation auf der Website erkl\u00e4rt sich der Besucher ausdr\u00fccklich mit der Verwendung von Cookies und \u00e4hnlichen Technologien einverstanden, insbesondere mit der Speicherung solcher Cookies auf seinem Endger\u00e4t zu den oben genannten Zwecken oder mit dem Zugriff auf Informationen auf seinem Endger\u00e4t durch Cookies.<\/p><br><p class=\"font_8 wixui-rich-text__text\">Deaktivierung von Cookies<\/p><br><p class=\"font_8 wixui-rich-text__text\">Der Nutzer kann die Verwendung von Cookies ablehnen und eine bereits erteilte Zustimmung jederzeit widerrufen. Da Cookies mit dem verwendeten Browser verkn\u00fcpft sind, k\u00f6nnen sie direkt \u00fcber den Browser deaktiviert werden, so dass die Zustimmung zur Verwendung von Cookies verweigert\/widerrufen werden kann, oder \u00fcber das Banner am Ende der Seite.<\/p><br><p class=\"font_8 wixui-rich-text__text\"><\/p><br><p class=\"font_8 wixui-rich-text__text\">Die Deaktivierung von Cookies kann die korrekte Nutzung bestimmter Funktionen der Website selbst verhindern, insbesondere k\u00f6nnen von Dritten bereitgestellte Dienste nicht zug\u00e4nglich sein und daher m\u00f6glicherweise nicht angezeigt werden.<\/p><br><p class=\"font_8 wixui-rich-text__text\">Anweisungen zur Deaktivierung von Cookies finden Sie auf den folgenden Webseiten:<\/p><br><p class=\"font_8 wixui-rich-text__text\"><span class=\"wixui-rich-text__text\"><a class=\"wixui-rich-text__text\" href=\"https:\/\/support.mozilla.org\/it\/kb\/Attivare%20e%20disattivare%20i%20cookie\" rel=\"noreferrer noopener\" target=\"_blank\">Mozilla Firefox<\/a><\/span>-Microsoft<span class=\"wixui-rich-text__text\"><a class=\"wixui-rich-text__text\" href=\"https:\/\/support.microsoft.com\/it-it\/help\/17442\/windows-internet-explorer-delete-manage-cookies\" rel=\"noreferrer noopener\" target=\"_blank\">Internet Explorer<\/a><\/span> <span class=\"wixui-rich-text__text\"><a class=\"wixui-rich-text__text\" href=\"https:\/\/support.microsoft.com\/it-it\/help\/4027947\/windows-delete-cookies\" rel=\"noreferrer noopener\" target=\"_blank\">-Microsoft Edge<\/a><\/span> -Google<span class=\"wixui-rich-text__text\"><a class=\"wixui-rich-text__text\" href=\"https:\/\/support.google.com\/chrome\/answer\/95647?hl=it\" rel=\"noreferrer noopener\" target=\"_blank\">Chrome<\/a><\/span><span class=\"wixui-rich-text__text\"><a class=\"wixui-rich-text__text\" href=\"http:\/\/help.opera.com\/Windows\/10.00\/it\/cookies.html\" rel=\"noreferrer noopener\" target=\"_blank\">-Opera<\/a><\/span>-Apple<span class=\"wixui-rich-text__text\"><a class=\"wixui-rich-text__text\" href=\"https:\/\/support.apple.com\/it-it\/HT201265\" rel=\"noreferrer noopener\" target=\"_blank\">Safari<\/a><\/span><\/p><br><p class=\"font_8 wixui-rich-text__text\">Wenn Sie keine Cookies von Drittanbietern auf Ihrem Ger\u00e4t empfangen m\u00f6chten, k\u00f6nnen Sie \u00fcber die nachstehenden Links auf die Richtlinien und Zustimmungsformulare der Drittanbieter zugreifen und den Empfang von Cookies ablehnen.<\/p><br><p class=\"font_8 wixui-rich-text__text\">Diese Cookies werden nicht direkt von den Websites kontrolliert. Um Ihre Zustimmung zu widerrufen, sollten Sie daher die <span class=\"wixui-rich-text__text\"><a class=\"wixui-rich-text__text\" href=\"http:\/\/www.youronlinechoices.com\/it\/\" rel=\"noreferrer noopener\" target=\"_blank\">Websites<\/a><\/span> der Drittanbieter besuchen oder sich unter http:\/\/www.youronlinechoices.com\/it\/ dar\u00fcber informieren, wie Sie Cookies je nach dem von Ihnen verwendeten Browser l\u00f6schen oder verwalten k\u00f6nnen und wie Sie Ihre Pr\u00e4ferenzen f\u00fcr Profilierungs-Cookies von Drittanbietern verwalten k\u00f6nnen.<\/p><br><p class=\"font_8 wixui-rich-text__text\"><\/p><br><p class=\"font_8 wixui-rich-text__text\">Cookie<\/p><br><p class=\"font_8 wixui-rich-text__text\">Prim\u00e4re Verwendung<\/p><br><p class=\"font_8 wixui-rich-text__text\">Profilerstellung<\/p><br><p class=\"font_8 wixui-rich-text__text\">Ort der Verarbeitung \/ Datenschutzbestimmungen<\/p><br><p class=\"font_8 wixui-rich-text__text\">Google-Analytik<\/p><br><p class=\"font_8 wixui-rich-text__text\">Analytik<\/p><br><p class=\"font_8 wixui-rich-text__text\">Ja<\/p><br><p class=\"font_8 wixui-rich-text__text\">Ort der Verarbeitung : USA &#8211; <span class=\"wixui-rich-text__text\"><a class=\"wixui-rich-text__text\" href=\"http:\/\/www.google.com\/intl\/it\/policies\/privacy\/\" rel=\"noreferrer noopener\" target=\"_blank\">Datenschutzerkl\u00e4rung<\/a><\/span> &#8211; <span class=\"wixui-rich-text__text\"><a class=\"wixui-rich-text__text\" href=\"http:\/\/tools.google.com\/dlpage\/gaoptout?hl=it\" rel=\"noreferrer noopener\" target=\"_blank\">Opt-out<\/a><\/span><\/p><br><p class=\"font_8 wixui-rich-text__text\">Facebook<\/p><br><p class=\"font_8 wixui-rich-text__text\">Widgets<\/p><br><p class=\"font_8 wixui-rich-text__text\">Ja<\/p><br><p class=\"font_8 wixui-rich-text__text\">Ort der Verarbeitung : USA &#8211; <span class=\"wixui-rich-text__text\"><a class=\"wixui-rich-text__text\" href=\"https:\/\/www.facebook.com\/policy.php\" rel=\"noreferrer noopener\" target=\"_blank\">Datenschutzbestimmungen<\/a><\/span><\/p><br><p class=\"font_8 wixui-rich-text__text\">Plugins f\u00fcr soziale Netzwerke<\/p><br><p class=\"font_8 wixui-rich-text__text\">Diese Website enth\u00e4lt auch Plugins und\/oder Schaltfl\u00e4chen, um das einfache Teilen von Inhalten in Ihren bevorzugten sozialen Netzwerken zu erm\u00f6glichen. Wenn Sie eine Seite unserer Website besuchen, die ein Plugin enth\u00e4lt, stellt Ihr Browser eine direkte Verbindung zu den Servern des sozialen Netzwerks her, von dem das Plugin geladen wird. Dieser Server kann Ihren Besuch auf unserer Website nachverfolgen und gegebenenfalls mit Ihrem Konto beim sozialen Netzwerk in Verbindung bringen, insbesondere wenn Sie zum Zeitpunkt Ihres Besuchs eingeloggt sind oder wenn Sie k\u00fcrzlich eine der Websites besucht haben, die soziale Plugins enthalten. Wenn Sie nicht m\u00f6chten, dass das soziale Netzwerk Daten \u00fcber Ihren Besuch auf unserer Website speichert, m\u00fcssen Sie sich von Ihrem Konto beim sozialen Netzwerk abmelden und die Cookies l\u00f6schen, die das soziale Netzwerk in Ihrem Browser installiert hat.<\/p><br><p class=\"font_8 wixui-rich-text__text\"><\/p><br><p class=\"font_8 wixui-rich-text__text\">Die Erfassung und Verwendung von Informationen durch diese Dritten unterliegt deren jeweiligen Datenschutzrichtlinien, auf die Sie bitte Bezug nehmen.<\/p><br><p class=\"font_8 wixui-rich-text__text\">Die Verwaltung<\/p><br><p class=\"font_8 wixui-rich-text__text\"><\/p><br><p class=\"font_8 wixui-rich-text__text\">Riva del Sol Beach Resort<\/p><br><p class=\"font_8 wixui-rich-text__text\">SHALOM Srl<\/p>\t\t\t\t\t\t\t\t<\/div>\n\t\t\t\t<\/div>\n\t\t\t\t\t<\/div>\n\t\t\t\t<\/div>\n\t\t\t\t<\/div>\n\t\t","protected":false},"excerpt":{"rendered":"<p>Cookie policy Diese Cookie-Richtlinie ist ein wesentlicher Bestandteil derDatenschutzrichtlinie. Diese Website verwendet Cookies, Textdateien, die auf dem Endger\u00e4t des Nutzers gespeichert werden oder die den Zugriff auf Informationen auf dem Endger\u00e4t des Nutzers erm\u00f6glichen. Cookies erm\u00f6glichen die Speicherung von Informationen \u00fcber die Pr\u00e4ferenzen der Besucher, werden verwendet, um das ordnungsgem\u00e4\u00dfe Funktionieren der Website zu \u00fcberpr\u00fcfen [&hellip;]<\/p>\n","protected":false},"author":2,"featured_media":0,"parent":0,"menu_order":0,"comment_status":"closed","ping_status":"closed","template":"","meta":{"_acf_changed":false,"footnotes":""},"class_list":["post-3196","page","type-page","status-publish","hentry"],"acf":[],"_links":{"self":[{"href":"https:\/\/promo.rivadelsolbeachresort.com\/de\/wp-json\/wp\/v2\/pages\/3196","targetHints":{"allow":["GET"]}}],"collection":[{"href":"https:\/\/promo.rivadelsolbeachresort.com\/de\/wp-json\/wp\/v2\/pages"}],"about":[{"href":"https:\/\/promo.rivadelsolbeachresort.com\/de\/wp-json\/wp\/v2\/types\/page"}],"author":[{"embeddable":true,"href":"https:\/\/promo.rivadelsolbeachresort.com\/de\/wp-json\/wp\/v2\/users\/2"}],"replies":[{"embeddable":true,"href":"https:\/\/promo.rivadelsolbeachresort.com\/de\/wp-json\/wp\/v2\/comments?post=3196"}],"version-history":[{"count":2,"href":"https:\/\/promo.rivadelsolbeachresort.com\/de\/wp-json\/wp\/v2\/pages\/3196\/revisions"}],"predecessor-version":[{"id":3200,"href":"https:\/\/promo.rivadelsolbeachresort.com\/de\/wp-json\/wp\/v2\/pages\/3196\/revisions\/3200"}],"wp:attachment":[{"href":"https:\/\/promo.rivadelsolbeachresort.com\/de\/wp-json\/wp\/v2\/media?parent=3196"}],"curies":[{"name":"wp","href":"https:\/\/api.w.org\/{rel}","templated":true}]}}