{"id":3198,"date":"2025-05-23T15:09:33","date_gmt":"2025-05-23T13:09:33","guid":{"rendered":"https:\/\/promo.rivadelsolbeachresort.com\/privacy-policy\/"},"modified":"2025-05-30T09:01:45","modified_gmt":"2025-05-30T07:01:45","slug":"privacy-policy","status":"publish","type":"page","link":"https:\/\/promo.rivadelsolbeachresort.com\/de\/privacy-policy\/","title":{"rendered":"Privacy Policy"},"content":{"rendered":"\t\t<div data-elementor-type=\"wp-page\" data-elementor-id=\"3198\" class=\"elementor elementor-3198 elementor-3146\" data-elementor-post-type=\"page\">\n\t\t\t\t<div class=\"elementor-element elementor-element-d31db91 e-flex e-con-boxed e-con e-parent\" data-id=\"d31db91\" data-element_type=\"container\">\n\t\t\t\t\t<div class=\"e-con-inner\">\n\t\t\t\t<div class=\"elementor-element elementor-element-4b9502a elementor-widget elementor-widget-heading\" data-id=\"4b9502a\" data-element_type=\"widget\" data-widget_type=\"heading.default\">\n\t\t\t\t<div class=\"elementor-widget-container\">\n\t\t\t\t\t<h1 class=\"elementor-heading-title elementor-size-default\">Privacy policy<\/h1>\t\t\t\t<\/div>\n\t\t\t\t<\/div>\n\t\t\t\t<div class=\"elementor-element elementor-element-67926c26 elementor-widget elementor-widget-text-editor\" data-id=\"67926c26\" data-element_type=\"widget\" data-widget_type=\"text-editor.default\">\n\t\t\t\t<div class=\"elementor-widget-container\">\n\t\t\t\t\t\t\t\t\t<p class=\"font_8 wixui-rich-text__text\">In diesem Informationsschreiben, das gem\u00e4\u00df Artikel 13 der Verordnung (EU) 2016\/679 (im Folgenden &#8222;DSGVO 2016\/679&#8220;) bereitgestellt wird, wird erl\u00e4utert, wie die personenbezogenen Daten der Nutzer, die mit der Website <a class=\"wixui-rich-text__text\" href=\"https:\/\/www.rivadelsolbeachresort.com\/\" rel=\"noopener\" data-auto-recognition=\"true\">https:\/\/www.rivadelsolbeachresort.com<\/a> in Kontakt kommen, verarbeitet werden.<\/p><br><p class=\"font_8 wixui-rich-text__text\">Jeder Vorgang, der die Daten betrifft, wird in \u00dcbereinstimmung mit der DSGVO und nach den Grunds\u00e4tzen der Fairness, Rechtm\u00e4\u00dfigkeit und Transparenz durchgef\u00fchrt.<\/p><br><p class=\"font_8 wixui-rich-text__text\">Wer ist der Inhaber der Datenverarbeitung?<\/p><br><p class=\"font_8 wixui-rich-text__text\">Der Inhaber der Datenverarbeitung ist die Firma SHALOM Srl, mit Sitz in Santa Caterina dello Ionio (CZ) Localit\u00e0 Cuttura n. 1, mit der MwSt.-Nr. 03937620791 &#8211; Pec-Adresse: <strong id=\"field_pec\">shalomsrl@pec.it<\/strong><\/p><br><p class=\"font_8 wixui-rich-text__text\">ARTEN DER VERARBEITETEN DATEN UND ZWECKE<\/p><br><p class=\"font_8 wixui-rich-text__text\">Browsing-Daten<\/p><br><p class=\"font_8 wixui-rich-text__text\">Nach Ihrem Zugriff auf die <a class=\"wixui-rich-text__text\" href=\"https:\/\/www.rivadelsolbeachresort.com\/\" rel=\"noopener\" data-auto-recognition=\"true\">Website<\/a> https:\/\/www.rivadelsolbeachresort.com kann SHALOM Srl mit Ihrer IP-Adresse in Kontakt kommen, die mit den Navigationsprotokollen (z.B. Datum und Uhrzeit) verbunden ist. Der f\u00fcr die Verarbeitung Verantwortliche sammelt diese Daten zu Sicherheits- und statistischen Zwecken sowie zur \u00dcberpr\u00fcfung des korrekten Funktionierens der Website. Die Daten k\u00f6nnen auf Anordnung der zust\u00e4ndigen Beh\u00f6rden aus Gr\u00fcnden der Sicherheit und des \u00f6ffentlichen Interesses an diese weitergegeben werden. Die Navigationsprotokolle werden h\u00f6chstens 24 Monate lang aufbewahrt.<\/p><br><p class=\"font_8 wixui-rich-text__text\"><\/p><br><p class=\"font_8 wixui-rich-text__text\">Daten aus Formularanfragen<\/p><br><p class=\"font_8 wixui-rich-text__text\">Der f\u00fcr die Verarbeitung Verantwortliche kann auch die vom Nutzer freiwillig zur Verf\u00fcgung gestellten Daten (Name, Vorname, Telefonnummer, E-Mail-Adresse, Wohnsitz- und\/oder Aufenthaltsadresse) verarbeiten, um<\/p><br><p class=\"font_8 wixui-rich-text__text\">&#8211; Kommentare zu den auf der Website ver\u00f6ffentlichten Artikeln zu ver\u00f6ffentlichen;<\/p><br><p class=\"font_8 wixui-rich-text__text\">&#8211; das Formular zur Kontaktaufnahme ausf\u00fcllen.<\/p><br><p class=\"font_8 wixui-rich-text__text\">Newsletter<\/p><br><p class=\"font_8 wixui-rich-text__text\">Der f\u00fcr die Verarbeitung Verantwortliche kann Daten verarbeiten, die der Nutzer bei der Anmeldung zum Newsletter-Dienst freiwillig angibt.<\/p><br><p class=\"font_8 wixui-rich-text__text\">RECHTSGRUNDLAGE DER VERARBEITUNG<\/p><br><p class=\"font_8 wixui-rich-text__text\">Die Rechtsgrundlage f\u00fcr die Verarbeitung ist die Einwilligung und der Vertrag.<\/p><br><p class=\"font_8 wixui-rich-text__text\">F\u00fcr Navigationsdaten wird die Zustimmung \u00fcber das Banner am Ende der Seite und durch die Nutzung oder Konsultation der Website erteilt.<\/p><br><p class=\"font_8 wixui-rich-text__text\">Der Nutzer kann die Zustimmung verweigern und eine bereits erteilte Zustimmung jederzeit \u00fcber das Banner am Ende der Seite oder die Browsereinstellungen f\u00fcr Cookies oder den Link &#8222;Kontakt&#8220; widerrufen. Daten zur Sicherheit der Website und zur Verhinderung von Missbrauch und SPAM sowie Daten zur Analyse des Website-Verkehrs (Statistiken) in zusammengefasster Form werden auf der Grundlage des berechtigten Interesses des f\u00fcr die Datenverarbeitung Verantwortlichen am Schutz der Website und der Nutzer selbst verarbeitet.<\/p><br><p class=\"font_8 wixui-rich-text__text\"><\/p><br><p class=\"font_8 wixui-rich-text__text\">Bei Daten, die der Nutzer freiwillig zur Verf\u00fcgung stellt, ist die Rechtsgrundlage f\u00fcr die Verarbeitung die Einwilligung, die die betroffene Person nach dem Lesen des Hinweises zur Datenverarbeitung ausdr\u00fccklich erteilen muss.<\/p><br><p class=\"font_8 wixui-rich-text__text\">VERARBEITUNGSMETHODEN<\/p><br><p class=\"font_8 wixui-rich-text__text\">Die Verarbeitung erfolgt mit Hilfe von EDV- und Telematikinstrumenten und mit organisatorischen Mitteln, die einen unbefugten Zugang, eine unbefugte Weitergabe, eine unbefugte \u00c4nderung oder eine unbefugte Zerst\u00f6rung der Daten verhindern sollen.<\/p><br><p class=\"font_8 wixui-rich-text__text\">Neben dem f\u00fcr die Verarbeitung Verantwortlichen haben auch andere Fachleute, die an der Organisation der Website beteiligt sind (z. B. dritte technische Dienstleister, Hosting-Anbieter), Zugang zu den Daten, die alle im Voraus geschult werden und der Kontrolle des f\u00fcr die Verarbeitung Verantwortlichen unterliegen. Wir verpflichten uns, die Sicherheit der personenbezogenen Daten w\u00e4hrend ihrer \u00dcbermittlung zu sch\u00fctzen, indem wir die Software Secure Sockets Layer (SSL) verwenden, die die Informationen w\u00e4hrend der \u00dcbertragung verschl\u00fcsselt.<\/p><br><p class=\"font_8 wixui-rich-text__text\"><\/p><br><p class=\"font_8 wixui-rich-text__text\">MITTEILUNG UND\/ODER VERBREITUNG VON DATEN<\/p><br><p class=\"font_8 wixui-rich-text__text\">Alle gesammelten und verarbeiteten Daten d\u00fcrfen ausschlie\u00dflich von der Kanzlei oder von dem von uns beauftragten und speziell geschulten Personal verarbeitet werden.<\/p><br><p class=\"font_8 wixui-rich-text__text\">Die gesammelten Daten k\u00f6nnen auch an \u00f6ffentliche Einrichtungen weitergegeben werden, um die gesetzlich vorgesehenen Zwecke zu erf\u00fcllen.<\/p><br><p class=\"font_8 wixui-rich-text__text\">Wer ist der Inhaber der Daten?<\/p><br><p class=\"font_8 wixui-rich-text__text\">Herr Guido Marco, geboren in LAMEZIA TERME (CZ) am 11.10.1984, mit Steuernummer: GDUMRC84R11M208U und wohnhaft in GUARDAVALLE (CZ) an der VIA NAZIONALE 406 CAP 88065 ist verantwortlich f\u00fcr die Datenverarbeitung gem\u00e4\u00df Artikel 28 GDPR, die Behandlung und Verarbeitung der Daten, die \u00fcber die Website im Namen und im Interesse des Inhabers der Datenverarbeitung SHALOM Srl gesammelt wurden, gem\u00e4\u00df den Richtlinien und Grunds\u00e4tzen, die vom Inhaber der Datenverarbeitung im Ernennungsschreiben angegeben wurden.<\/p><br><p class=\"font_8 wixui-rich-text__text\"><\/p><br><p class=\"font_8 wixui-rich-text__text\">ORT DER VERARBEITUNG<\/p><br><p class=\"font_8 wixui-rich-text__text\">Die Daten werden im Rechenzentrum des Webhosters verarbeitet. VebHosting hat seinen Sitz im Europ\u00e4ischen Wirtschaftsraum und handelt nach europ\u00e4ischen Standards (VHosting-Datenschutzerkl\u00e4rung).<\/p><br><p class=\"font_8 wixui-rich-text__text\">AUFBEWAHRUNGSFRIST DER DATEN<\/p><br><p class=\"font_8 wixui-rich-text__text\">Die von der Website erhobenen Daten werden so lange aufbewahrt, wie es f\u00fcr die Durchf\u00fchrung der angegebenen T\u00e4tigkeiten unbedingt erforderlich ist. Nach Ablauf der Frist werden die Daten gel\u00f6scht oder anonymisiert, es sei denn, es gibt keinen weiteren Zweck f\u00fcr die Aufbewahrung der Daten.<\/p><br><p class=\"font_8 wixui-rich-text__text\">Newsletter-Daten werden f\u00fcr ein Jahr nach dem letzten Newsletter-Versand gespeichert.<\/p><br><p class=\"font_8 wixui-rich-text__text\">Navigationsprotokolle werden f\u00fcr maximal 24 Monate gespeichert.<\/p><br><p class=\"font_8 wixui-rich-text__text\">BENUTZERRECHTE<\/p><br><p class=\"font_8 wixui-rich-text__text\">Als betroffene Person k\u00f6nnen Sie die folgenden Rechte gem\u00e4\u00df Artikel 15 DSGVO aus\u00fcben:<\/p><br><p class=\"font_8 wixui-rich-text__text\"><\/p><br><p class=\"font_8 wixui-rich-text__text\">&#8211; zu verlangen, dass die Existenz der Sie betreffenden personenbezogenen Daten best\u00e4tigt wird (Recht auf Zugang); ihre Herkunft zu erfahren; eine schriftliche Mitteilung dar\u00fcber zu erhalten; Informationen \u00fcber die Logik, die Methoden und die Zwecke ihrer Verarbeitung zu erhalten; die Aktualisierung, Berichtigung, Erg\u00e4nzung, L\u00f6schung, Umwandlung in anonyme Form, Sperrung von Daten zu verlangen, die unter Verletzung des Gesetzes verarbeitet wurden, einschlie\u00dflich Daten, die f\u00fcr die Zwecke, f\u00fcr die sie erhoben wurden, nicht mehr erforderlich sind (Recht auf Berichtigung und L\u00f6schung &#8211; Art. 16 und 17 der Verordnung (EU) Nr. 679\/2016); Recht auf Einschr\u00e4nkung und\/oder Widerspruch gegen die Verarbeitung der Sie betreffenden Daten (Art. 18 der Verordnung (EU) Nr. 679\/2016); Recht auf Widerruf; Erhalt der dem Verantwortlichen zur Verf\u00fcgung gestellten personenbezogenen Daten und deren ungehinderte \u00dcbermittlung an einen anderen Verantwortlichen (Recht auf Datenportabilit\u00e4t &#8211; Art. 20 der Verordnung (EU) Nr. 679\/2016); Recht auf Beschwerde bei der Aufsichtsbeh\u00f6rde; wenn die Verarbeitung auf einer Einwilligung beruht, haben Sie das Recht, diese jederzeit zu widerrufen. Jede Anfrage bez\u00fcglich der Verarbeitung der bereitgestellten personenbezogenen Daten und der Aus\u00fcbung der Rechte muss an den f\u00fcr die Verarbeitung Verantwortlichen \u00fcber die E-Mail-Adresse <a class=\"wixui-rich-text__text\" href=\"mailto:info@coriglianoeporfido.com\" data-auto-recognition=\"true\">info@coriglianoeporfido.com<\/a> gerichtet werden.<\/p><br><p class=\"font_8 wixui-rich-text__text\">Um die Einhaltung der gesetzlichen Bestimmungen zu erleichtern, m\u00fcssen die Antr\u00e4ge in der Betreffzeile den Vermerk &#8222;Aus\u00fcbung der Rechte gem\u00e4\u00df Artikel 13 der Verordnung (EU) Nr. 679\/2016&#8220; enthalten.<\/p><br><p class=\"font_8 wixui-rich-text__text\"><\/p><br><p class=\"font_8 wixui-rich-text__text\">Das Management<\/p><br><p class=\"font_8 wixui-rich-text__text\"><\/p><br><p class=\"font_8 wixui-rich-text__text\">Riva del Sol Beach Resort<\/p><br><p class=\"font_8 wixui-rich-text__text\">SHALOM Srl<\/p><br><p class=\"font_8 wixui-rich-text__text\">Sede: Santa Caterina dello Ionio (CZ) Localit\u00e0 Cuttura n. 1, partita iva n. 03937620791<\/p>\t\t\t\t\t\t\t\t<\/div>\n\t\t\t\t<\/div>\n\t\t\t\t\t<\/div>\n\t\t\t\t<\/div>\n\t\t\t\t<\/div>\n\t\t","protected":false},"excerpt":{"rendered":"<p>Privacy policy In diesem Informationsschreiben, das gem\u00e4\u00df Artikel 13 der Verordnung (EU) 2016\/679 (im Folgenden &#8222;DSGVO 2016\/679&#8220;) bereitgestellt wird, wird erl\u00e4utert, wie die personenbezogenen Daten der Nutzer, die mit der Website https:\/\/www.rivadelsolbeachresort.com in Kontakt kommen, verarbeitet werden. Jeder Vorgang, der die Daten betrifft, wird in \u00dcbereinstimmung mit der DSGVO und nach den Grunds\u00e4tzen der Fairness, [&hellip;]<\/p>\n","protected":false},"author":2,"featured_media":0,"parent":0,"menu_order":0,"comment_status":"closed","ping_status":"closed","template":"","meta":{"_acf_changed":false,"footnotes":""},"class_list":["post-3198","page","type-page","status-publish","hentry"],"acf":[],"_links":{"self":[{"href":"https:\/\/promo.rivadelsolbeachresort.com\/de\/wp-json\/wp\/v2\/pages\/3198","targetHints":{"allow":["GET"]}}],"collection":[{"href":"https:\/\/promo.rivadelsolbeachresort.com\/de\/wp-json\/wp\/v2\/pages"}],"about":[{"href":"https:\/\/promo.rivadelsolbeachresort.com\/de\/wp-json\/wp\/v2\/types\/page"}],"author":[{"embeddable":true,"href":"https:\/\/promo.rivadelsolbeachresort.com\/de\/wp-json\/wp\/v2\/users\/2"}],"replies":[{"embeddable":true,"href":"https:\/\/promo.rivadelsolbeachresort.com\/de\/wp-json\/wp\/v2\/comments?post=3198"}],"version-history":[{"count":1,"href":"https:\/\/promo.rivadelsolbeachresort.com\/de\/wp-json\/wp\/v2\/pages\/3198\/revisions"}],"predecessor-version":[{"id":3199,"href":"https:\/\/promo.rivadelsolbeachresort.com\/de\/wp-json\/wp\/v2\/pages\/3198\/revisions\/3199"}],"wp:attachment":[{"href":"https:\/\/promo.rivadelsolbeachresort.com\/de\/wp-json\/wp\/v2\/media?parent=3198"}],"curies":[{"name":"wp","href":"https:\/\/api.w.org\/{rel}","templated":true}]}}